{"id":7,"date":"2021-08-21T14:17:49","date_gmt":"2021-08-21T14:17:49","guid":{"rendered":"https:\/\/calasdealmeria.com\/?page_id=7"},"modified":"2025-07-30T19:38:33","modified_gmt":"2025-07-30T19:38:33","slug":"apartamentos-calas-de-almeria","status":"publish","type":"page","link":"https:\/\/calasdealmeria.com\/","title":{"rendered":"Inicio"},"content":{"rendered":"<p>[et_pb_section fb_built=\u00bb1&#8243; admin_label=\u00bbHeader Section\u00bb _builder_version=\u00bb4.16&#8243; background_color=\u00bb#ededed\u00bb use_background_color_gradient=\u00bbon\u00bb background_color_gradient_stops=\u00bb#ffffff 0%|rgba(255,255,255,0) 100%\u00bb background_color_gradient_overlays_image=\u00bbon\u00bb background_color_gradient_start=\u00bb#ffffff\u00bb background_color_gradient_end=\u00bbrgba(255,255,255,0)\u00bb background_position=\u00bbtop_center\u00bb custom_padding=\u00bb0px||0px|\u00bb locked=\u00bboff\u00bb global_colors_info=\u00bb{}\u00bb][et_pb_row column_structure=\u00bb1_2,1_2&#8243; use_custom_gutter=\u00bbon\u00bb make_equal=\u00bbon\u00bb admin_label=\u00bbCTA Row\u00bb _builder_version=\u00bb4.16&#8243; width=\u00bb100%\u00bb max_width=\u00bb100%\u00bb custom_margin=\u00bb|||\u00bb custom_padding=\u00bb0px|0px|0px|0px\u00bb use_custom_width=\u00bbon\u00bb width_unit=\u00bboff\u00bb custom_width_percent=\u00bb100%\u00bb global_colors_info=\u00bb{}\u00bb][et_pb_column type=\u00bb1_2&#8243; _builder_version=\u00bb4.16&#8243; custom_padding=\u00bb18%||18%|10%\u00bb custom_padding_tablet=\u00bb|10%||\u00bb custom_padding_phone=\u00bb\u00bb custom_padding_last_edited=\u00bbon|tablet\u00bb global_colors_info=\u00bb{}\u00bb padding_tablet=\u00bb|10%||\u00bb padding_last_edited=\u00bbon|tablet\u00bb custom_padding__hover=\u00bb|||\u00bb padding_phone=\u00bb|10%||\u00bb][et_pb_cta title=\u00bbElegancia y dise\u00f1o interior\u00bb button_url=\u00bb#top\u00bb admin_label=\u00bbHeading, Subheading &#038; CTA Button\u00bb _builder_version=\u00bb4.16&#8243; header_level=\u00bbh1&#8243; header_font=\u00bbMuli|700|||||||\u00bb header_text_align=\u00bbleft\u00bb header_font_size=\u00bb65px\u00bb header_line_height=\u00bb1.4em\u00bb body_font=\u00bbMuli|600|||||||\u00bb body_text_align=\u00bbleft\u00bb body_font_size=\u00bb18px\u00bb body_line_height=\u00bb1.8em\u00bb use_background_color=\u00bboff\u00bb custom_button=\u00bbon\u00bb button_text_size=\u00bb16px\u00bb button_text_color=\u00bb#ffffff\u00bb button_bg_color=\u00bb#f4583f\u00bb button_border_width=\u00bb10px\u00bb button_border_color=\u00bb#f4583f\u00bb button_border_radius=\u00bb0px\u00bb button_font=\u00bbMuli|700|||||||\u00bb button_use_icon=\u00bboff\u00bb background_layout=\u00bblight\u00bb max_width=\u00bb540px\u00bb module_alignment=\u00bbright\u00bb custom_margin=\u00bb|||\u00bb custom_margin_tablet=\u00bb3vw||3vw|\u00bb custom_margin_phone=\u00bb|||\u00bb custom_margin_last_edited=\u00bbon|desktop\u00bb animation_style=\u00bbfade\u00bb header_font_size_tablet=\u00bb\u00bb header_font_size_phone=\u00bb50px\u00bb header_font_size_last_edited=\u00bbon|phone\u00bb button_border_radius_hover=\u00bb0px\u00bb locked=\u00bboff\u00bb global_colors_info=\u00bb{}\u00bb button_text_size__hover_enabled=\u00bboff\u00bb button_one_text_size__hover_enabled=\u00bboff\u00bb button_two_text_size__hover_enabled=\u00bboff\u00bb button_text_color__hover_enabled=\u00bboff\u00bb button_one_text_color__hover_enabled=\u00bboff\u00bb button_two_text_color__hover_enabled=\u00bboff\u00bb button_border_width__hover_enabled=\u00bboff\u00bb button_one_border_width__hover_enabled=\u00bboff\u00bb button_two_border_width__hover_enabled=\u00bboff\u00bb button_border_color__hover_enabled=\u00bboff\u00bb button_one_border_color__hover_enabled=\u00bboff\u00bb button_two_border_color__hover_enabled=\u00bboff\u00bb button_border_radius__hover_enabled=\u00bbon\u00bb button_border_radius__hover=\u00bb0px\u00bb button_one_border_radius__hover_enabled=\u00bboff\u00bb button_two_border_radius__hover_enabled=\u00bboff\u00bb button_letter_spacing__hover_enabled=\u00bboff\u00bb button_one_letter_spacing__hover_enabled=\u00bboff\u00bb button_two_letter_spacing__hover_enabled=\u00bboff\u00bb button_bg_color__hover_enabled=\u00bboff\u00bb button_one_bg_color__hover_enabled=\u00bboff\u00bb button_two_bg_color__hover_enabled=\u00bboff\u00bb]<\/p>\n<p>Calas de Almer\u00eda son un conjunto de apartamentos en alquiler junto a la Universidad de Almer\u00eda.<\/p>\n<p>[\/et_pb_cta][\/et_pb_column][et_pb_column type=\u00bb1_2&#8243; _builder_version=\u00bb4.16&#8243; background_image=\u00bbhttps:\/\/calasdealmeria.com\/wp-content\/uploads\/2021\/08\/508e4cbe-6390-4d20-a824-ff9a3411c570.jpg\u00bb custom_padding=\u00bb|||\u00bb global_colors_info=\u00bb{}\u00bb custom_padding__hover=\u00bb|||\u00bb][et_pb_divider show_divider=\u00bboff\u00bb _builder_version=\u00bb4.16&#8243; height=\u00bb300px\u00bb global_colors_info=\u00bb{}\u00bb][\/et_pb_divider][\/et_pb_column][\/et_pb_row][\/et_pb_section][et_pb_section fb_built=\u00bb1&#8243; admin_label=\u00bbCTA Section\u00bb _builder_version=\u00bb4.16&#8243; min_height=\u00bb661.8px\u00bb custom_padding=\u00bb100px||0px|||\u00bb global_colors_info=\u00bb{}\u00bb][et_pb_row use_custom_gutter=\u00bbon\u00bb admin_label=\u00bbCTA Row\u00bb _builder_version=\u00bb4.16&#8243; custom_margin=\u00bb|||\u00bb custom_padding=\u00bb|||\u00bb global_colors_info=\u00bb{}\u00bb][et_pb_column type=\u00bb4_4&#8243; _builder_version=\u00bb4.16&#8243; custom_padding=\u00bb|||\u00bb global_colors_info=\u00bb{}\u00bb custom_padding__hover=\u00bb|||\u00bb][et_pb_text admin_label=\u00bbTitle &#038; Paragraph\u00bb _builder_version=\u00bb4.16&#8243; text_font=\u00bbMuli|600|||||||\u00bb text_font_size=\u00bb18px\u00bb text_line_height=\u00bb1.8em\u00bb header_font=\u00bb||||||||\u00bb header_2_font=\u00bbMuli|700|||||||\u00bb header_2_font_size=\u00bb50px\u00bb header_2_line_height=\u00bb1.4em\u00bb text_orientation=\u00bbcenter\u00bb max_width=\u00bb640px\u00bb max_width_last_edited=\u00bboff|desktop\u00bb module_alignment=\u00bbcenter\u00bb custom_margin=\u00bb|||\u00bb custom_margin_tablet=\u00bb0px|||0px\u00bb custom_margin_last_edited=\u00bboff|desktop\u00bb custom_padding=\u00bb|||\u00bb custom_padding_last_edited=\u00bboff|desktop\u00bb header_2_font_size_tablet=\u00bb\u00bb header_2_font_size_phone=\u00bb40px\u00bb header_2_font_size_last_edited=\u00bbon|desktop\u00bb locked=\u00bboff\u00bb global_colors_info=\u00bb{}\u00bb]<\/p>\n<h2 class=\"et_pb_module_header et-fb-editable-element et-fb-editable-element__editing\" data-shortcode-id=\"1.0.0.0-1515376821367\" contenteditable=\"true\">Disfrutar de tu propio espacio<\/h2>\n<p>La libertad real de independencia solo te la ofrecen los Apartamentos <span style=\"text-decoration: underline;\"><strong>Calas de Almer\u00eda<\/strong><\/span>, en un solo espacio dispones de todo lo necesario para tu d\u00eda a d\u00eda, cocina, ba\u00f1o completo, wifi, TV, cama doble, aire acondicionado&#8230;<\/p>\n<p>[\/et_pb_text][\/et_pb_column][\/et_pb_row][et_pb_row admin_label=\u00bbProcess Row\u00bb _builder_version=\u00bb4.16&#8243; global_colors_info=\u00bb{}\u00bb][et_pb_column type=\u00bb4_4&#8243; _builder_version=\u00bb4.16&#8243; custom_padding=\u00bb|||\u00bb global_colors_info=\u00bb{}\u00bb custom_padding__hover=\u00bb|||\u00bb][et_pb_gallery gallery_ids=\u00bb34,36,37,38,39,40,41,42,43,44,45,46,47,48,49,50,51,52,53&#8243; show_title_and_caption=\u00bboff\u00bb _builder_version=\u00bb4.16&#8243; _module_preset=\u00bbdefault\u00bb global_colors_info=\u00bb{}\u00bb][\/et_pb_gallery][\/et_pb_column][\/et_pb_row][\/et_pb_section][et_pb_section fb_built=\u00bb1&#8243; admin_label=\u00bbBlog Section\u00bb _builder_version=\u00bb4.16&#8243; background_position=\u00bbtop_center\u00bb custom_padding=\u00bb10px|0px|0px|0px||\u00bb global_colors_info=\u00bb{}\u00bb][et_pb_row admin_label=\u00bbTitle Row\u00bb _builder_version=\u00bb4.16&#8243; global_colors_info=\u00bb{}\u00bb][et_pb_column type=\u00bb4_4&#8243; _builder_version=\u00bb4.16&#8243; custom_padding=\u00bb|||\u00bb global_colors_info=\u00bb{}\u00bb custom_padding__hover=\u00bb|||\u00bb][et_pb_text admin_label=\u00bbTitle &#038; Paragraph\u00bb _builder_version=\u00bb4.16&#8243; text_font=\u00bbMuli|600|||||||\u00bb text_font_size=\u00bb18px\u00bb text_line_height=\u00bb1.8em\u00bb header_font=\u00bb||||||||\u00bb header_2_font=\u00bbMuli|700|||||||\u00bb header_2_font_size=\u00bb50px\u00bb header_2_line_height=\u00bb1.4em\u00bb text_orientation=\u00bbcenter\u00bb max_width=\u00bb640px\u00bb max_width_last_edited=\u00bboff|desktop\u00bb module_alignment=\u00bbcenter\u00bb custom_margin=\u00bb|||\u00bb custom_margin_tablet=\u00bb0px|||0px\u00bb custom_margin_last_edited=\u00bboff|desktop\u00bb custom_padding=\u00bb|||\u00bb custom_padding_last_edited=\u00bboff|desktop\u00bb header_2_font_size_tablet=\u00bb\u00bb header_2_font_size_phone=\u00bb40px\u00bb header_2_font_size_last_edited=\u00bbon|desktop\u00bb global_colors_info=\u00bb{}\u00bb]<\/p>\n<h2>V\u00eddeos<\/h2>\n<p>Disfruta de estos dos v\u00eddeos en d\u00f3nde te ense\u00f1amos las calidades de nuestros apartamentos.<\/p>\n<p>[\/et_pb_text][\/et_pb_column][\/et_pb_row][\/et_pb_section][et_pb_section fb_built=\u00bb1&#8243; admin_label=\u00bbOur Works CTA Section\u00bb _builder_version=\u00bb4.16&#8243; background_color=\u00bb#1a1a1a\u00bb custom_padding=\u00bb0px|0px|0px|0px\u00bb global_colors_info=\u00bb{}\u00bb][et_pb_row column_structure=\u00bb1_2,1_2&#8243; admin_label=\u00bbCTA Row\u00bb _builder_version=\u00bb4.16&#8243; width=\u00bb100%\u00bb max_width=\u00bb100%\u00bb min_height=\u00bb409px\u00bb custom_margin=\u00bb|||\u00bb custom_padding=\u00bb0px|0px|1px|0px||\u00bb use_custom_width=\u00bbon\u00bb width_unit=\u00bboff\u00bb custom_width_percent=\u00bb100%\u00bb global_colors_info=\u00bb{}\u00bb][et_pb_column type=\u00bb1_2&#8243; _builder_version=\u00bb4.16&#8243; custom_padding=\u00bb100px|60px|100px|\u00bb custom_padding_tablet=\u00bb|||60px\u00bb custom_padding_phone=\u00bb\u00bb custom_padding_last_edited=\u00bbon|desktop\u00bb global_colors_info=\u00bb{}\u00bb padding_tablet=\u00bb|||60px\u00bb padding_last_edited=\u00bbon|desktop\u00bb custom_padding__hover=\u00bb|||\u00bb padding_phone=\u00bb|||60px\u00bb][et_pb_video src=\u00bbhttps:\/\/youtu.be\/OyIGbtkzB30&#8243; _builder_version=\u00bb4.16&#8243; _module_preset=\u00bbdefault\u00bb global_colors_info=\u00bb{}\u00bb][\/et_pb_video][\/et_pb_column][et_pb_column type=\u00bb1_2&#8243; _builder_version=\u00bb4.16&#8243; custom_padding=\u00bb100px|60px|100px|\u00bb custom_padding_tablet=\u00bb|||60px\u00bb custom_padding_phone=\u00bb\u00bb custom_padding_last_edited=\u00bbon|desktop\u00bb global_colors_info=\u00bb{}\u00bb padding_tablet=\u00bb|||60px\u00bb padding_last_edited=\u00bbon|desktop\u00bb custom_padding__hover=\u00bb|||\u00bb padding_phone=\u00bb|||60px\u00bb][et_pb_video src=\u00bbhttps:\/\/youtu.be\/oaXyZZRF9Hw\u00bb _builder_version=\u00bb4.16&#8243; _module_preset=\u00bbdefault\u00bb global_colors_info=\u00bb{}\u00bb][\/et_pb_video][\/et_pb_column][\/et_pb_row][\/et_pb_section][et_pb_section fb_built=\u00bb1&#8243; admin_label=\u00bbBlog Section\u00bb _builder_version=\u00bb4.16&#8243; background_position=\u00bbtop_center\u00bb custom_padding=\u00bb10px|0px|0px|0px||\u00bb global_colors_info=\u00bb{}\u00bb][et_pb_row column_structure=\u00bb1_2,1_2&#8243; admin_label=\u00bbTitle Row\u00bb _builder_version=\u00bb4.16&#8243; global_colors_info=\u00bb{}\u00bb][et_pb_column type=\u00bb1_2&#8243; _builder_version=\u00bb4.16&#8243; custom_padding=\u00bb|||\u00bb global_colors_info=\u00bb{}\u00bb custom_padding__hover=\u00bb|||\u00bb][et_pb_blurb title=\u00bbSituaci\u00f3n\u00bb _builder_version=\u00bb4.16&#8243; _module_preset=\u00bbdefault\u00bb header_level=\u00bbh1&#8243; header_text_align=\u00bbcenter\u00bb header_font_size=\u00bb60px\u00bb global_colors_info=\u00bb{}\u00bb]<\/p>\n<p>Se encuentra en un lugar privilegiado si tu zona va a ser la Universidad de Almer\u00eda est\u00e1s solo a 5 minutos andando del Campus.<\/p>\n<p>[\/et_pb_blurb][\/et_pb_column][et_pb_column type=\u00bb1_2&#8243; _builder_version=\u00bb4.16&#8243; custom_padding=\u00bb|||\u00bb global_colors_info=\u00bb{}\u00bb custom_padding__hover=\u00bb|||\u00bb][et_pb_code _builder_version=\u00bb4.16&#8243; _module_preset=\u00bbdefault\u00bb global_colors_info=\u00bb{}\u00bb]<iframe src=\"https:\/\/www.google.com\/maps\/embed?pb=!1m18!1m12!1m3!1d3193.4336139171414!2d-2.411428684709235!3d36.832089979942026!2m3!1f0!2f0!3f0!3m2!1i1024!2i768!4f13.1!3m3!1m2!1s0x0%3A0x3152fa65bf81b7dd!2sApartamentos%20Calas%20de%20Almer%C3%ADa!5e0!3m2!1ses!2ses!4v1629656646916!5m2!1ses!2ses\" width=\"600\" height=\"450\" style=\"border:0;\" allowfullscreen=\"\" loading=\"lazy\"><\/iframe>[\/et_pb_code][\/et_pb_column][\/et_pb_row][\/et_pb_section][et_pb_section fb_built=\u00bb1&#8243; admin_label=\u00bbSubscription Section\u00bb _builder_version=\u00bb4.16&#8243; background_image=\u00bbhttps:\/\/calasdealmeria.com\/wp-content\/uploads\/2021\/08\/section-bg-2.jpg\u00bb background_position=\u00bbbottom_center\u00bb custom_padding=\u00bb8%|0px|8%|0px\u00bb global_colors_info=\u00bb{}\u00bb][et_pb_row column_structure=\u00bb1_2,1_2&#8243; admin_label=\u00bbSubscription Row\u00bb _builder_version=\u00bb4.16&#8243; custom_padding=\u00bb|||\u00bb global_colors_info=\u00bb{}\u00bb][et_pb_column type=\u00bb1_2&#8243; _builder_version=\u00bb4.16&#8243; custom_padding=\u00bb|||\u00bb global_colors_info=\u00bb{}\u00bb custom_padding__hover=\u00bb|||\u00bb][\/et_pb_column][et_pb_column type=\u00bb1_2&#8243; _builder_version=\u00bb4.16&#8243; custom_padding=\u00bb|||\u00bb global_colors_info=\u00bb{}\u00bb custom_padding__hover=\u00bb|||\u00bb][et_pb_cta title=\u00bbInformaci\u00f3n y reservas\u00bb button_url=\u00bbtel:+34649570707&#8243; button_text=\u00bb649 570 707&#8243; _builder_version=\u00bb4.27.4&#8243; _module_preset=\u00bbdefault\u00bb width=\u00bb83.7%\u00bb custom_padding=\u00bb|||46px||\u00bb hover_enabled=\u00bb0&#8243; global_colors_info=\u00bb{}\u00bb sticky_enabled=\u00bb0&#8243;][\/et_pb_cta][\/et_pb_column][\/et_pb_row][\/et_pb_section]<\/p>\n","protected":false},"excerpt":{"rendered":"<p>Calas de Almer\u00eda son un conjunto de apartamentos en alquiler junto a la Universidad de Almer\u00eda.Disfrutar de tu propio espacio La libertad real de independencia solo te la ofrecen los Apartamentos Calas de Almer\u00eda, en un solo espacio dispones de todo lo necesario para tu d\u00eda a d\u00eda, cocina, ba\u00f1o completo, wifi, TV, cama doble, [&hellip;]<\/p>\n","protected":false},"author":1,"featured_media":77,"parent":0,"menu_order":0,"comment_status":"closed","ping_status":"closed","template":"","meta":{"_et_pb_use_builder":"on","_et_pb_old_content":"","_et_gb_content_width":"","footnotes":""},"class_list":["post-7","page","type-page","status-publish","has-post-thumbnail","hentry"],"yoast_head":"<!-- This site is optimized with the Yoast SEO plugin v27.0 - https:\/\/yoast.com\/product\/yoast-seo-wordpress\/ -->\n<title>Inicio - Calas de Almeria<\/title>\n<meta name=\"description\" content=\"Alquiler de Apartamentos en Almer\u00eda, junto a la Universidad de Almer\u00eda.\" \/>\n<meta name=\"robots\" content=\"index, follow, max-snippet:-1, max-image-preview:large, max-video-preview:-1\" \/>\n<link rel=\"canonical\" href=\"https:\/\/calasdealmeria.com\/\" \/>\n<meta property=\"og:locale\" content=\"es_ES\" \/>\n<meta property=\"og:type\" content=\"article\" \/>\n<meta property=\"og:title\" content=\"Inicio - Calas de Almeria\" \/>\n<meta property=\"og:description\" content=\"Alquiler de Apartamentos en Almer\u00eda, junto a la Universidad de Almer\u00eda.\" \/>\n<meta property=\"og:url\" content=\"https:\/\/calasdealmeria.com\/\" \/>\n<meta property=\"og:site_name\" content=\"Calas de Almeria\" \/>\n<meta property=\"article:modified_time\" content=\"2025-07-30T19:38:33+00:00\" \/>\n<meta property=\"og:image\" content=\"https:\/\/calasdealmeria.com\/wp-content\/uploads\/2021\/08\/CalasdeAlmeri\u0301a-cuadrado.jpg\" \/>\n\t<meta property=\"og:image:width\" content=\"316\" \/>\n\t<meta property=\"og:image:height\" content=\"316\" \/>\n\t<meta property=\"og:image:type\" content=\"image\/jpeg\" \/>\n<meta name=\"twitter:card\" content=\"summary_large_image\" \/>\n<meta name=\"twitter:label1\" content=\"Tiempo de lectura\" \/>\n\t<meta name=\"twitter:data1\" content=\"2 minutos\" \/>\n<script type=\"application\/ld+json\" class=\"yoast-schema-graph\">{\"@context\":\"https:\/\/schema.org\",\"@graph\":[{\"@type\":\"WebPage\",\"@id\":\"https:\/\/calasdealmeria.com\/\",\"url\":\"https:\/\/calasdealmeria.com\/\",\"name\":\"Inicio - Calas de Almeria\",\"isPartOf\":{\"@id\":\"https:\/\/calasdealmeria.com\/#website\"},\"primaryImageOfPage\":{\"@id\":\"https:\/\/calasdealmeria.com\/#primaryimage\"},\"image\":{\"@id\":\"https:\/\/calasdealmeria.com\/#primaryimage\"},\"thumbnailUrl\":\"https:\/\/calasdealmeria.com\/wp-content\/uploads\/2021\/08\/CalasdeAlmeri\u0301a-cuadrado.jpg\",\"datePublished\":\"2021-08-21T14:17:49+00:00\",\"dateModified\":\"2025-07-30T19:38:33+00:00\",\"description\":\"Alquiler de Apartamentos en Almer\u00eda, junto a la Universidad de Almer\u00eda.\",\"breadcrumb\":{\"@id\":\"https:\/\/calasdealmeria.com\/#breadcrumb\"},\"inLanguage\":\"es\",\"potentialAction\":[{\"@type\":\"ReadAction\",\"target\":[\"https:\/\/calasdealmeria.com\/\"]}]},{\"@type\":\"ImageObject\",\"inLanguage\":\"es\",\"@id\":\"https:\/\/calasdealmeria.com\/#primaryimage\",\"url\":\"https:\/\/calasdealmeria.com\/wp-content\/uploads\/2021\/08\/CalasdeAlmeri\u0301a-cuadrado.jpg\",\"contentUrl\":\"https:\/\/calasdealmeria.com\/wp-content\/uploads\/2021\/08\/CalasdeAlmeri\u0301a-cuadrado.jpg\",\"width\":316,\"height\":316},{\"@type\":\"BreadcrumbList\",\"@id\":\"https:\/\/calasdealmeria.com\/#breadcrumb\",\"itemListElement\":[{\"@type\":\"ListItem\",\"position\":1,\"name\":\"Portada\",\"item\":\"https:\/\/calasdealmeria.com\/\"},{\"@type\":\"ListItem\",\"position\":2,\"name\":\"Inicio\"}]},{\"@type\":\"WebSite\",\"@id\":\"https:\/\/calasdealmeria.com\/#website\",\"url\":\"https:\/\/calasdealmeria.com\/\",\"name\":\"Calas de Almeria\",\"description\":\"Apartamentos Calas de Almeria en la Universidad\",\"publisher\":{\"@id\":\"https:\/\/calasdealmeria.com\/#organization\"},\"potentialAction\":[{\"@type\":\"SearchAction\",\"target\":{\"@type\":\"EntryPoint\",\"urlTemplate\":\"https:\/\/calasdealmeria.com\/?s={search_term_string}\"},\"query-input\":{\"@type\":\"PropertyValueSpecification\",\"valueRequired\":true,\"valueName\":\"search_term_string\"}}],\"inLanguage\":\"es\"},{\"@type\":\"Organization\",\"@id\":\"https:\/\/calasdealmeria.com\/#organization\",\"name\":\"Apartamentos Calas de Almer\u00eda\",\"url\":\"https:\/\/calasdealmeria.com\/\",\"logo\":{\"@type\":\"ImageObject\",\"inLanguage\":\"es\",\"@id\":\"https:\/\/calasdealmeria.com\/#\/schema\/logo\/image\/\",\"url\":\"https:\/\/calasdealmeria.com\/wp-content\/uploads\/2021\/08\/CalasdeAlmeri\u0301a-cuadrado.jpg\",\"contentUrl\":\"https:\/\/calasdealmeria.com\/wp-content\/uploads\/2021\/08\/CalasdeAlmeri\u0301a-cuadrado.jpg\",\"width\":316,\"height\":316,\"caption\":\"Apartamentos Calas de Almer\u00eda\"},\"image\":{\"@id\":\"https:\/\/calasdealmeria.com\/#\/schema\/logo\/image\/\"}}]}<\/script>\n<!-- \/ Yoast SEO plugin. -->","yoast_head_json":{"title":"Inicio - Calas de Almeria","description":"Alquiler de Apartamentos en Almer\u00eda, junto a la Universidad de Almer\u00eda.","robots":{"index":"index","follow":"follow","max-snippet":"max-snippet:-1","max-image-preview":"max-image-preview:large","max-video-preview":"max-video-preview:-1"},"canonical":"https:\/\/calasdealmeria.com\/","og_locale":"es_ES","og_type":"article","og_title":"Inicio - Calas de Almeria","og_description":"Alquiler de Apartamentos en Almer\u00eda, junto a la Universidad de Almer\u00eda.","og_url":"https:\/\/calasdealmeria.com\/","og_site_name":"Calas de Almeria","article_modified_time":"2025-07-30T19:38:33+00:00","og_image":[{"width":316,"height":316,"url":"https:\/\/calasdealmeria.com\/wp-content\/uploads\/2021\/08\/CalasdeAlmeri\u0301a-cuadrado.jpg","type":"image\/jpeg"}],"twitter_card":"summary_large_image","twitter_misc":{"Tiempo de lectura":"2 minutos"},"schema":{"@context":"https:\/\/schema.org","@graph":[{"@type":"WebPage","@id":"https:\/\/calasdealmeria.com\/","url":"https:\/\/calasdealmeria.com\/","name":"Inicio - Calas de Almeria","isPartOf":{"@id":"https:\/\/calasdealmeria.com\/#website"},"primaryImageOfPage":{"@id":"https:\/\/calasdealmeria.com\/#primaryimage"},"image":{"@id":"https:\/\/calasdealmeria.com\/#primaryimage"},"thumbnailUrl":"https:\/\/calasdealmeria.com\/wp-content\/uploads\/2021\/08\/CalasdeAlmeri\u0301a-cuadrado.jpg","datePublished":"2021-08-21T14:17:49+00:00","dateModified":"2025-07-30T19:38:33+00:00","description":"Alquiler de Apartamentos en Almer\u00eda, junto a la Universidad de Almer\u00eda.","breadcrumb":{"@id":"https:\/\/calasdealmeria.com\/#breadcrumb"},"inLanguage":"es","potentialAction":[{"@type":"ReadAction","target":["https:\/\/calasdealmeria.com\/"]}]},{"@type":"ImageObject","inLanguage":"es","@id":"https:\/\/calasdealmeria.com\/#primaryimage","url":"https:\/\/calasdealmeria.com\/wp-content\/uploads\/2021\/08\/CalasdeAlmeri\u0301a-cuadrado.jpg","contentUrl":"https:\/\/calasdealmeria.com\/wp-content\/uploads\/2021\/08\/CalasdeAlmeri\u0301a-cuadrado.jpg","width":316,"height":316},{"@type":"BreadcrumbList","@id":"https:\/\/calasdealmeria.com\/#breadcrumb","itemListElement":[{"@type":"ListItem","position":1,"name":"Portada","item":"https:\/\/calasdealmeria.com\/"},{"@type":"ListItem","position":2,"name":"Inicio"}]},{"@type":"WebSite","@id":"https:\/\/calasdealmeria.com\/#website","url":"https:\/\/calasdealmeria.com\/","name":"Calas de Almeria","description":"Apartamentos Calas de Almeria en la Universidad","publisher":{"@id":"https:\/\/calasdealmeria.com\/#organization"},"potentialAction":[{"@type":"SearchAction","target":{"@type":"EntryPoint","urlTemplate":"https:\/\/calasdealmeria.com\/?s={search_term_string}"},"query-input":{"@type":"PropertyValueSpecification","valueRequired":true,"valueName":"search_term_string"}}],"inLanguage":"es"},{"@type":"Organization","@id":"https:\/\/calasdealmeria.com\/#organization","name":"Apartamentos Calas de Almer\u00eda","url":"https:\/\/calasdealmeria.com\/","logo":{"@type":"ImageObject","inLanguage":"es","@id":"https:\/\/calasdealmeria.com\/#\/schema\/logo\/image\/","url":"https:\/\/calasdealmeria.com\/wp-content\/uploads\/2021\/08\/CalasdeAlmeri\u0301a-cuadrado.jpg","contentUrl":"https:\/\/calasdealmeria.com\/wp-content\/uploads\/2021\/08\/CalasdeAlmeri\u0301a-cuadrado.jpg","width":316,"height":316,"caption":"Apartamentos Calas de Almer\u00eda"},"image":{"@id":"https:\/\/calasdealmeria.com\/#\/schema\/logo\/image\/"}}]}},"_links":{"self":[{"href":"https:\/\/calasdealmeria.com\/index.php?rest_route=\/wp\/v2\/pages\/7","targetHints":{"allow":["GET"]}}],"collection":[{"href":"https:\/\/calasdealmeria.com\/index.php?rest_route=\/wp\/v2\/pages"}],"about":[{"href":"https:\/\/calasdealmeria.com\/index.php?rest_route=\/wp\/v2\/types\/page"}],"author":[{"embeddable":true,"href":"https:\/\/calasdealmeria.com\/index.php?rest_route=\/wp\/v2\/users\/1"}],"replies":[{"embeddable":true,"href":"https:\/\/calasdealmeria.com\/index.php?rest_route=%2Fwp%2Fv2%2Fcomments&post=7"}],"version-history":[{"count":22,"href":"https:\/\/calasdealmeria.com\/index.php?rest_route=\/wp\/v2\/pages\/7\/revisions"}],"predecessor-version":[{"id":83,"href":"https:\/\/calasdealmeria.com\/index.php?rest_route=\/wp\/v2\/pages\/7\/revisions\/83"}],"wp:featuredmedia":[{"embeddable":true,"href":"https:\/\/calasdealmeria.com\/index.php?rest_route=\/wp\/v2\/media\/77"}],"wp:attachment":[{"href":"https:\/\/calasdealmeria.com\/index.php?rest_route=%2Fwp%2Fv2%2Fmedia&parent=7"}],"curies":[{"name":"wp","href":"https:\/\/api.w.org\/{rel}","templated":true}]}}